{"id":123,"date":"2018-01-20T10:01:31","date_gmt":"2018-01-20T09:01:31","guid":{"rendered":"http:\/\/coldefy.com\/?page_id=123"},"modified":"2018-04-09T10:51:53","modified_gmt":"2018-04-09T08:51:53","slug":"hypnose","status":"publish","type":"page","link":"https:\/\/coldefy.com\/index.php\/hypnose\/","title":{"rendered":"Hypnose Hypnoth\u00e9rapie"},"content":{"rendered":"<h2><strong>Hypnose et hypnoth\u00e9rapie;<br \/>\nUn th\u00e9rapeute qui accompagne une personne avec les outils et les techniques de l&rsquo;hypnose&#8230;<\/strong><\/h2>\n<h3>Hypnose, entrer en contact avec l&rsquo;inconscient&#8230;<\/h3>\n<p>L&rsquo;hypnose, vous permet de rentrer dans un <a href=\"https:\/\/fr.wikipedia.org\/wiki\/%C3%89tat_modifi%C3%A9_de_conscience\">\u00e9tat modifi\u00e9 de conscience<\/a>. L&rsquo;hypnoth\u00e9rapeute utilise cet \u00e9tat pour mettre en place une relation th\u00e9rapeutique originale.\u00a0 Confortablement install\u00e9, vous pouvez ainsi recevoir une aide diff\u00e9rente et d&rsquo;une mani\u00e8re diff\u00e9rente.<br \/>\n<a name=\"inconscient\"><\/a>L&rsquo;inconscient est en charge de tous nos processus physiologiques (depuis la respiration jusqu&rsquo;\u00e0 nos d\u00e9fenses immunitaires), de nos perceptions, de nos sensations.\u00a0Il est aussi tr\u00e8s impliqu\u00e9 (pour ne pas dire plus&#8230;) dans nos \u00e9motions, nos comportements, notre m\u00e9moire&#8230;<br \/>\nArriver \u00e0 bien communiquer avec l&rsquo;inconscient permet un premier pas sur le chemin du mieux \u00eatre.<\/p>\n<div id=\"attachment_404\" style=\"width: 510px\" class=\"wp-caption aligncenter\"><img data-recalc-dims=\"1\" loading=\"lazy\" decoding=\"async\" aria-describedby=\"caption-attachment-404\" data-attachment-id=\"404\" data-permalink=\"https:\/\/coldefy.com\/index.php\/hypnotherapeute-a-conflans-sainte-honorine-2\/entree\/\" data-orig-file=\"https:\/\/i0.wp.com\/coldefy.com\/wp-content\/uploads\/2018\/02\/entree-e1520002108271.jpg?fit=5312%2C2988&amp;ssl=1\" data-orig-size=\"5312,2988\" data-comments-opened=\"1\" data-image-meta=\"{&quot;aperture&quot;:&quot;0&quot;,&quot;credit&quot;:&quot;&quot;,&quot;camera&quot;:&quot;&quot;,&quot;caption&quot;:&quot;&quot;,&quot;created_timestamp&quot;:&quot;0&quot;,&quot;copyright&quot;:&quot;&quot;,&quot;focal_length&quot;:&quot;0&quot;,&quot;iso&quot;:&quot;0&quot;,&quot;shutter_speed&quot;:&quot;0&quot;,&quot;title&quot;:&quot;&quot;,&quot;orientation&quot;:&quot;0&quot;}\" data-image-title=\"entree\" data-image-description=\"\" data-image-caption=\"\" data-medium-file=\"https:\/\/i0.wp.com\/coldefy.com\/wp-content\/uploads\/2018\/02\/entree-e1520002108271.jpg?fit=300%2C169&amp;ssl=1\" data-large-file=\"https:\/\/i0.wp.com\/coldefy.com\/wp-content\/uploads\/2018\/02\/entree-e1520002108271.jpg?fit=1024%2C576&amp;ssl=1\" class=\"wp-image-404\" title=\"hypnose et hypnotherapie c'est aussi \u00eatre confortablement install\u00e9\" src=\"https:\/\/i0.wp.com\/coldefy.com\/wp-content\/uploads\/2018\/01\/meridienne-300x200.jpg?resize=500%2C281\" alt=\"cabinet hypnose hypnotherapie \u00e0 boulogne image 1\" width=\"500\" height=\"281\" \/><p id=\"caption-attachment-404\" class=\"wp-caption-text\">l&rsquo;hypnotherapie c&rsquo;est aussi \u00eatre confortablement install\u00e9<\/p><\/div>\n<h3>Etat modifi\u00e9 de conscience (EMC)<\/h3>\n<p>Les \u00e9tats modifi\u00e9s de conscience, nous les connaissons tous, plus ou moins sans le savoir.<br \/>\nNe vous est-il jamais arriv\u00e9 d\u2019\u00eatre compl\u00e8tement\u00a0<em>plong\u00e9<\/em>\u00a0dans une lecture au point d\u2019oublier le temps, de conduire votre voiture \u00ab\u00a0en mode\u00a0<em>automatique\u00a0\u00bb<\/em>\u00a0pour r\u00e9aliser quelques minutes plus tard o\u00f9 vous \u00e9tiez ou m\u00eame d\u2019\u00eatre simplement<em>\u00ab\u00a0dans la lune\u00a0\u00bb<\/em>\u2026<\/p>\n<h3>Pour atteindre un \u00e9tat modifi\u00e9 de conscience<\/h3>\n<p>Si les EMC sont bien naturels et finalement ordinaires, il nous faut dans le cadre th\u00e9rapeutique, savoir provoquer leurs arriv\u00e9es (c&rsquo;est plus pratique que d&rsquo;attendre qu&rsquo;il vienne spontan\u00e9ment). Pour ce faire, nous utilisons des techniques d&rsquo;induction. Vous avez peut-\u00eatre \u00e0 l&rsquo;esprit l&rsquo;utilisation du pendule ou le c\u00e9l\u00e8bre \u00ab\u00a0dors, je le veux\u00a0\u00bb&#8230; Les techniques ont bien \u00e9volu\u00e9. L\u2019hypnoth\u00e9rapeute a d\u00e9sormais de nombreuses solutions pour vous accompagner d&rsquo;un \u00e9tat ordinaire de conscience (EOC) vers un \u00e9tat modifi\u00e9 de conscience (EMC). Sans chercher \u00e0 en faire un inventaire exhaustif, on peut dire qu&rsquo;elles permettent d&rsquo;accompagner chaque personne en s&rsquo;adaptant \u00e0 ses caract\u00e9ristiques. Nous sommes en effet tous hypnotisables. A moins d&rsquo;\u00eatre l&rsquo;exception qui fait consciemment circuler son sang et doit penser \u00e0 chacune de ses respirations&#8230; Nous avons tous un inconscient&#8230;<\/p>\n<p><img data-recalc-dims=\"1\" loading=\"lazy\" decoding=\"async\" data-attachment-id=\"324\" data-permalink=\"https:\/\/coldefy.com\/index.php\/hypnose\/fenetre\/\" data-orig-file=\"https:\/\/i0.wp.com\/coldefy.com\/wp-content\/uploads\/2018\/01\/fenetre.jpg?fit=1000%2C666&amp;ssl=1\" data-orig-size=\"1000,666\" data-comments-opened=\"1\" data-image-meta=\"{&quot;aperture&quot;:&quot;3.5&quot;,&quot;credit&quot;:&quot;&quot;,&quot;camera&quot;:&quot;ILCE-3000&quot;,&quot;caption&quot;:&quot;&quot;,&quot;created_timestamp&quot;:&quot;1517329675&quot;,&quot;copyright&quot;:&quot;&quot;,&quot;focal_length&quot;:&quot;19&quot;,&quot;iso&quot;:&quot;320&quot;,&quot;shutter_speed&quot;:&quot;0.0125&quot;,&quot;title&quot;:&quot;&quot;,&quot;orientation&quot;:&quot;1&quot;}\" data-image-title=\"fenetre\" data-image-description=\"\" data-image-caption=\"\" data-medium-file=\"https:\/\/i0.wp.com\/coldefy.com\/wp-content\/uploads\/2018\/01\/fenetre.jpg?fit=300%2C200&amp;ssl=1\" data-large-file=\"https:\/\/i0.wp.com\/coldefy.com\/wp-content\/uploads\/2018\/01\/fenetre.jpg?fit=1000%2C666&amp;ssl=1\" class=\"aligncenter wp-image-324 size-medium\" title=\"hypnose \u00e0 boulogne image 2\" src=\"https:\/\/i0.wp.com\/coldefy.com\/wp-content\/uploads\/2018\/01\/fenetre-300x200.jpg?resize=300%2C200\" alt=\"cabinet hypnose hypnotherapie \u00e0 boulogne image 2\" width=\"300\" height=\"200\" srcset=\"https:\/\/i0.wp.com\/coldefy.com\/wp-content\/uploads\/2018\/01\/fenetre.jpg?resize=300%2C200&amp;ssl=1 300w, https:\/\/i0.wp.com\/coldefy.com\/wp-content\/uploads\/2018\/01\/fenetre.jpg?resize=768%2C511&amp;ssl=1 768w, https:\/\/i0.wp.com\/coldefy.com\/wp-content\/uploads\/2018\/01\/fenetre.jpg?resize=794%2C528&amp;ssl=1 794w, https:\/\/i0.wp.com\/coldefy.com\/wp-content\/uploads\/2018\/01\/fenetre.jpg?w=1000&amp;ssl=1 1000w\" sizes=\"auto, (max-width: 300px) 100vw, 300px\" \/><\/p>\n<h3>L&rsquo;hypnose de spectacle, c&rsquo;est pareil ?<\/h3>\n<p>Si elle se pr\u00e9occupait plus d&rsquo;\u00eatre <em>bienveillante<\/em> que de faire le show, plus d&rsquo;aider la personne que d&rsquo;en rire, alors oui elle pourrait \u00eatre pareille&#8230;<br \/>\nPour le dire autrement, elle utilise, en partie, les m\u00eames ressorts que l&rsquo;hypnoth\u00e9rapie mais vise un objectif tr\u00e8s diff\u00e9rent. Je vous invite \u00e0 consulter ma page <a href=\"http:\/\/coldefy.com\/index.php\/hypnotherapeute-boulogne-billancourt\/ethique-pratique\/\">\u00e9thique et pratique.<\/a><\/p>\n<h3>Pourquoi parler de bienveillance ?<\/h3>\n<p>C&rsquo;est un point primordial ! L&rsquo;hypnose ce sont des techniques mais c&rsquo;est sa pratique en hypnoth\u00e9rapie, son utilisation qui vous int\u00e9resse.<br \/>\nC&rsquo;est la bienveillance qui fait que l&rsquo;hypnoth\u00e9rapeute vous respecte profond\u00e9ment, qu&rsquo;il vous aidera \u00e0 trouver <em>vos<\/em> solutions, sans jamais rien vous imposer.<\/p>\n<h3>A quoi \u00e7a sert ?<\/h3>\n<p>Les indications de l&rsquo;hypnoth\u00e9rapie sont nombreuses et vari\u00e9es. Les probl\u00e9matiques sont lourdes ou plus l\u00e9g\u00e8res, ce qui est important, c&rsquo;est de vous accompagner vers le mieux \u00eatre. Parfois, on ne parlera m\u00eame pas de probl\u00e8me mais plut\u00f4t d&rsquo;une envie d&rsquo;aller encore plus loin&#8230;<\/p>\n<h3>Quelques indications de l&rsquo;hypnose th\u00e9rapeutique<\/h3>\n<ul>\n<li>Addictions : tabac, alcool mais aussi sucre, caf\u00e9&#8230;<\/li>\n<li>Gestion du poids &#8211; aller vers (revenir \u00e0&#8230;) son poids de forme<\/li>\n<li>Allergies : aux pollens, alimentaires&#8230;<\/li>\n<li>Phobies :\u00a0 avion, araign\u00e9es&#8230;<\/li>\n<li>Pr\u00e9paration pr\u00e9-op\u00e9ratoire et suivi post-op\u00e9ratoire<\/li>\n<li>Gestion de la douleur<\/li>\n<li>Aide \u00e0 l&rsquo;apprentissage ou <a href=\"http:\/\/coldefy.com\/index.php\/coaching-et-hypnocoaching\/\">coaching<\/a> &#8211; physique, intellectuel<\/li>\n<li>Stress<\/li>\n<li>D\u00e9pressions exog\u00e8nes<\/li>\n<li>Deuil<\/li>\n<li>&#8230;<\/li>\n<\/ul>\n<h3>Quelques id\u00e9es re\u00e7ues<\/h3>\n<p><em>\u00ab\u00a0L&rsquo;hypnose permet de manipuler le patient, de lui faire faire n&rsquo;importe quoi !\u00a0\u00bb<\/em><br \/>\nSi vous pensez cela, vous avez plus c\u00f4toy\u00e9 l&rsquo;hypnose de spectacle que l&rsquo;hypnose th\u00e9rapeutique. Le cadre th\u00e9rapeutique de la relation implique une utilisation bienveillante et respectueuse des outils de l&rsquo;hypnose. En rencontrant un hypnoth\u00e9rapeute, c&rsquo;est bien cette alliance th\u00e9rapeutique que vous venez chercher. Vous en serez d&rsquo;autant plus pr\u00e9serv\u00e9 de toute manipulation. \u00ab\u00a0Une partie de vous\u00a0\u00bb veille sur vous pendant l&rsquo;\u00e9tat de transe; vous n&rsquo;\u00eates certes plus vraiment l\u00e0 mais vous n&rsquo;\u00eates pas non plus compl\u00e8tement parti. Ce que vous accepteriez peut-\u00eatre hypnotis\u00e9 sur une sc\u00e8ne lors d&rsquo;un spectacle vous para\u00eetra tellement incongru dans un cabinet d&rsquo;hypnoth\u00e9rapie que vous ne le ferez tout simplement pas&#8230;<br \/>\nVous pouvez regarder cette courte <a href=\"https:\/\/youtu.be\/V9Gu6QvbNr4\">vid\u00e9o<\/a> qui illustre bien cette probl\u00e9matique.<\/p>\n<p><em>\u00ab\u00a0On peut ne pas sortir de l&rsquo;\u00e9tat hypnotique !\u00a0\u00bb<\/em><br \/>\nPas plus qu&rsquo;on peut ne jamais se r\u00e9veiller apr\u00e8s une nuit de sommeil&#8230; Il est cependant de la responsabilit\u00e9 de l&rsquo;hypnoth\u00e9rapeute de bien vous accompagner \u00e0 revenir \u00ab\u00a0ici et maintenant\u00a0\u00bb \u00e0 la fin de la s\u00e9ance. Vous finiriez bien par y revenir (au maximum on sort spontan\u00e9ment de l\u2019\u00e9tat hypnotique apr\u00e8s une vingtaine de minutes), mais il vaut mieux\u00a0 bien le faire avant de descendre l&rsquo;escalier&#8230;<\/p>\n","protected":false},"excerpt":{"rendered":"<p>Hypnose et hypnoth\u00e9rapie; Un th\u00e9rapeute qui accompagne une personne avec les outils et les techniques de l&rsquo;hypnose&#8230; Hypnose, entrer en contact avec l&rsquo;inconscient&#8230; L&rsquo;hypnose, vous permet de rentrer dans un \u00e9tat modifi\u00e9 de conscience. L&rsquo;hypnoth\u00e9rapeute utilise cet \u00e9tat pour mettre en place une relation th\u00e9rapeutique originale.\u00a0 Confortablement install\u00e9, vous pouvez ainsi recevoir une aide diff\u00e9rente [&hellip;]<\/p>\n","protected":false},"author":1,"featured_media":0,"parent":0,"menu_order":2,"comment_status":"closed","ping_status":"closed","template":"","meta":{"_exactmetrics_skip_tracking":false,"_exactmetrics_sitenote_active":false,"_exactmetrics_sitenote_note":"","_exactmetrics_sitenote_category":0,"jetpack_post_was_ever_published":false,"footnotes":""},"yst_prominent_words":[65,88,86,90,87,91,84,81,89,16,85,13,94,95,93,82,83,96,92,28],"class_list":["post-123","page","type-page","status-publish","hentry"],"jetpack_sharing_enabled":true,"jetpack_shortlink":"https:\/\/wp.me\/P9zM9H-1Z","jetpack_likes_enabled":true,"jetpack-related-posts":[],"_links":{"self":[{"href":"https:\/\/coldefy.com\/index.php\/wp-json\/wp\/v2\/pages\/123","targetHints":{"allow":["GET"]}}],"collection":[{"href":"https:\/\/coldefy.com\/index.php\/wp-json\/wp\/v2\/pages"}],"about":[{"href":"https:\/\/coldefy.com\/index.php\/wp-json\/wp\/v2\/types\/page"}],"author":[{"embeddable":true,"href":"https:\/\/coldefy.com\/index.php\/wp-json\/wp\/v2\/users\/1"}],"replies":[{"embeddable":true,"href":"https:\/\/coldefy.com\/index.php\/wp-json\/wp\/v2\/comments?post=123"}],"version-history":[{"count":56,"href":"https:\/\/coldefy.com\/index.php\/wp-json\/wp\/v2\/pages\/123\/revisions"}],"predecessor-version":[{"id":848,"href":"https:\/\/coldefy.com\/index.php\/wp-json\/wp\/v2\/pages\/123\/revisions\/848"}],"wp:attachment":[{"href":"https:\/\/coldefy.com\/index.php\/wp-json\/wp\/v2\/media?parent=123"}],"wp:term":[{"taxonomy":"yst_prominent_words","embeddable":true,"href":"https:\/\/coldefy.com\/index.php\/wp-json\/wp\/v2\/yst_prominent_words?post=123"}],"curies":[{"name":"wp","href":"https:\/\/api.w.org\/{rel}","templated":true}]}}