{"id":15,"date":"2018-01-15T09:30:31","date_gmt":"2018-01-15T08:30:31","guid":{"rendered":"http:\/\/coldefy.com\/?page_id=15"},"modified":"2018-03-09T16:46:27","modified_gmt":"2018-03-09T15:46:27","slug":"hypnocoaching","status":"publish","type":"page","link":"https:\/\/coldefy.com\/index.php\/hypnocoaching\/","title":{"rendered":"Hypnocoaching"},"content":{"rendered":"<h2><strong>L&rsquo;hypnocoaching\u00a0 ou comment l&rsquo;hypnose vous aide \u00e0 vous r\u00e9aliser pleinement&#8230;<\/strong><\/h2>\n<p>Nous avons vu comment l&rsquo;<a href=\"http:\/\/coldefy.com\/index.php\/hypnose-et-hypnotherapie\/\">hypnoth\u00e9rapie<\/a> permet d&rsquo;utiliser les \u00e9tats modifi\u00e9s de conscience pour aller mieux. L&rsquo;hypnocoaching utilise les m\u00eames outils pour aller encore plus loin.<br \/>\nIl n&rsquo;est plus question de trouver des solutions efficaces \u00e0 des probl\u00e9matiques mais de trouver de nouveaux chemins vers la performance dans tous les domaines de votre vie.<\/p>\n<h2>Hypnocoaching sportif<\/h2>\n<ul>\n<li>Pour vous d\u00e9passer en perfectionnant votre pratique. Nous avons vu que votre <a href=\"http:\/\/coldefy.com\/index.php\/hypnose-et-hypnotherapie\/#inconscient\">inconscient<\/a> est impliqu\u00e9 dans tous vos actes moteur. L&rsquo;hypnose permet de rentrer en contact avec votre inconscient, elle permet donc assez logiquement d&rsquo;optimiser la pratique de votre art.<\/li>\n<li>Pour lever des barri\u00e8res. Si vous \u00ab\u00a0perdez\u00a0\u00bb par exemple tout votre savoir faire lors des comp\u00e9titions&#8230;<\/li>\n<li>\u00catre bien pr\u00e9par\u00e9 mentalement vous permettra d&rsquo;\u00eatre pr\u00eat au maximum de vos capacit\u00e9s mentales et physique le jour J.<\/li>\n<\/ul>\n<h2>Hypnocoaching professionnel<\/h2>\n<ul>\n<li>Si vous devez intervenir\u00a0 devant un vaste auditoire et que \u00e7a vous paralyse ?<\/li>\n<li>Vous aimeriez prendre la parole en r\u00e9union sans jamais oser alors que vous savez que votre intervention serait tr\u00e8s pertinente ?<\/li>\n<li>Vous n&rsquo;arrivez pas \u00e0 vous d\u00e9cider pour un choix de carri\u00e8re ?<\/li>\n<\/ul>\n<h2>Hypnocoaching de vie<\/h2>\n<ul>\n<li>Le trac, l&rsquo;\u00e9motion vous on fait rater votre permis de conduire alors que vous \u00eates bon conducteur ?<\/li>\n<li>Vous \u00eates \u00e9tudiant et les examens sont une souffrance ?<\/li>\n<\/ul>\n<p>Dans le cadre de la th\u00e9rapie, l&rsquo;hypnose permet d&rsquo;aller vers l&rsquo;inconscient pour aider \u00e0 r\u00e9gler des probl\u00e8mes. Dans le cadre du coaching, elle permet de contacter l&rsquo;inconscient pour mieux r\u00e9gler la machine que nous sommes.<\/p>\n","protected":false},"excerpt":{"rendered":"<p>L&rsquo;hypnocoaching\u00a0 ou comment l&rsquo;hypnose vous aide \u00e0 vous r\u00e9aliser pleinement&#8230; Nous avons vu comment l&rsquo;hypnoth\u00e9rapie permet d&rsquo;utiliser les \u00e9tats modifi\u00e9s de conscience pour aller mieux. L&rsquo;hypnocoaching utilise les m\u00eames outils pour aller encore plus loin. Il n&rsquo;est plus question de trouver des solutions efficaces \u00e0 des probl\u00e9matiques mais de trouver de nouveaux chemins vers la [&hellip;]<\/p>\n","protected":false},"author":1,"featured_media":0,"parent":0,"menu_order":2,"comment_status":"closed","ping_status":"closed","template":"","meta":{"_exactmetrics_skip_tracking":false,"_exactmetrics_sitenote_active":false,"_exactmetrics_sitenote_note":"","_exactmetrics_sitenote_category":0,"jetpack_post_was_ever_published":false,"footnotes":""},"yst_prominent_words":[],"class_list":["post-15","page","type-page","status-publish","hentry"],"jetpack_sharing_enabled":true,"jetpack_shortlink":"https:\/\/wp.me\/P9zM9H-f","jetpack_likes_enabled":true,"jetpack-related-posts":[],"_links":{"self":[{"href":"https:\/\/coldefy.com\/index.php\/wp-json\/wp\/v2\/pages\/15","targetHints":{"allow":["GET"]}}],"collection":[{"href":"https:\/\/coldefy.com\/index.php\/wp-json\/wp\/v2\/pages"}],"about":[{"href":"https:\/\/coldefy.com\/index.php\/wp-json\/wp\/v2\/types\/page"}],"author":[{"embeddable":true,"href":"https:\/\/coldefy.com\/index.php\/wp-json\/wp\/v2\/users\/1"}],"replies":[{"embeddable":true,"href":"https:\/\/coldefy.com\/index.php\/wp-json\/wp\/v2\/comments?post=15"}],"version-history":[{"count":35,"href":"https:\/\/coldefy.com\/index.php\/wp-json\/wp\/v2\/pages\/15\/revisions"}],"predecessor-version":[{"id":579,"href":"https:\/\/coldefy.com\/index.php\/wp-json\/wp\/v2\/pages\/15\/revisions\/579"}],"wp:attachment":[{"href":"https:\/\/coldefy.com\/index.php\/wp-json\/wp\/v2\/media?parent=15"}],"wp:term":[{"taxonomy":"yst_prominent_words","embeddable":true,"href":"https:\/\/coldefy.com\/index.php\/wp-json\/wp\/v2\/yst_prominent_words?post=15"}],"curies":[{"name":"wp","href":"https:\/\/api.w.org\/{rel}","templated":true}]}}