{"id":164,"date":"2018-01-20T13:41:24","date_gmt":"2018-01-20T12:41:24","guid":{"rendered":"http:\/\/coldefy.com\/?page_id=164"},"modified":"2018-03-19T09:57:43","modified_gmt":"2018-03-19T08:57:43","slug":"un-peu-dhistoire","status":"publish","type":"page","link":"https:\/\/coldefy.com\/index.php\/hypnose\/un-peu-dhistoire\/","title":{"rendered":"Un peu d&rsquo;histoire de l&rsquo;hypnose"},"content":{"rendered":"<h3>L&rsquo;histoire de l&rsquo;hypnose aux temps \u00ab\u00a0anciens\u00a0\u00bb&#8230;<\/h3>\n<p>On retrouve des traces \u00e9crites de soins par la parole, en \u00e9tat modifi\u00e9 de conscience, en M\u00e9sopotamie! C&rsquo;\u00e9tait bien il y a plus de 6000 ans&#8230; Origine de l&rsquo;histoire de l&rsquo;hypnose ?<br \/>\nDes papyrus et des hi\u00e9roglyphes d\u00e9crivent ce qui ressemble beaucoup \u00e0 des s\u00e9ances d&rsquo;hypnose pour gu\u00e9rir en Egypte 1000 ann\u00e9es avant notre \u00e8re&#8230;<br \/>\nDans la Gr\u00e8ce antique, le <em>terpnos logos<\/em>\u00a0(\u00ab\u00a0voix terne qui soigne\u00a0\u00bb), est aussi utilis\u00e9 dans les temples d&rsquo;Ascl\u00e9pios, Dieu de la m\u00e9decine&#8230;<\/p>\n<h3>\u00a0Aux temps \u00ab\u00a0modernes\u00a0\u00bb&#8230;<\/h3>\n<p>Peut-\u00eatre le premier pas vers \u00ab\u00a0l&rsquo;inconscient\u00a0\u00bb dans sa conception moderne, Gottfried Leibniez, parle en 1686 \u00ab\u00a0d&rsquo;automate\u00a0\u00bb (il faudra attendre Hartmann en 1869 pour voir le terme d\u2019inconscient). Il est tout \u00e0 la fois philosophe, juriste, diplomate, math\u00e9maticien&#8230;<\/p>\n<h3>Vers l&rsquo;hypnose<\/h3>\n<p>Dans les ann\u00e9es 1760, Mesmer (Franz Anton&#8230;) est c\u00e9l\u00e8bre pour sa pratique du \u00ab\u00a0magn\u00e9tisme animal\u00a0\u00bb. Il est souvent cit\u00e9 comme l&rsquo;anc\u00eatre de l&rsquo;hypnose bien qu&rsquo;il pr\u00f4ne exclusivement le magn\u00e9tisme.<br \/>\nEn 1784, l&rsquo;abb\u00e9 de Faria fait \u00e9voluer les principes du magn\u00e9tisme en int\u00e9grant les suggestions.<br \/>\nEn 1829, le chirurgien Jules Cloquet r\u00e9alise l&rsquo;ablation d&rsquo;une tumeur sous \u00ab\u00a0sommeil magn\u00e9tique\u00a0\u00bb.<br \/>\nDans les ann\u00e9es 1840, James Braid \u00e9tablit les bases, plus rationnelles et scientifiques, de l&rsquo;hypnose th\u00e9rapeutique.<br \/>\nEn 1882, le professeur de m\u00e9decine Hippolyte Bernheim fonde la \u00ab\u00a0nouvelle\u00a0\u00bb \u00e9cole de Nancy. Il parle bien de \u00ab\u00a0psychoth\u00e9rapie\u00a0\u00bb, de soin bas\u00e9 sur la suggestion hypnotique. Dans les m\u00eame temps, le professeur Charcot fonde l&rsquo;\u00e9cole de la Salp\u00eatri\u00e8re et consid\u00e8re l&rsquo;hypnose comme une pathologie hyst\u00e9rique.<br \/>\nEn cette fin de 19\u00e8me si\u00e8cle, l&rsquo;hypnose (en particulier utilis\u00e9e pour anesth\u00e9sier) se r\u00e9pand dans le monde. On peut citer par exemple le docteur Parker \u00e0 Dublin ou le docteur Esdaille en Ecosse. Des dizaines de comptes rendus d&rsquo;op\u00e9rations lourdes sans s\u00e9dation sont ainsi publi\u00e9s.<\/p>\n<h3>L&rsquo;hypnose Ericksonienne<\/h3>\n<p>L&rsquo;hypnose telle que nous la connaissons aujourd&rsquo;hui doit beaucoup \u00e0 un personnage extra ordinaire, Milton Hyland Erickson. Ne parle-t-on d&rsquo;ailleurs pas d&rsquo;hypnose Ericksonienne&#8230; Ce m\u00e9decin psychiatre exerce dans les ann\u00e9es 50 aux Etats-unis. Il se r\u00e9approprie l&rsquo;hypnose en l&rsquo;utilisant plus strat\u00e9giquement et en compl\u00e9ment de sa pratique psychiatrique. Cette approche int\u00e9resse toute l&rsquo;\u00e9cole de Palo Alto, s&rsquo;int\u00e8gre aux th\u00e9rapies familiales, ainsi qu&rsquo;aux th\u00e9rapies syst\u00e9miques. Sa pratique sera en grande partie \u00e0 l&rsquo;origine de la <strong>P<\/strong>rogrammation <strong>N<\/strong>euro <strong>L<\/strong>inguistique (PNL) de Richard Bandler et de John Grinder. Ils l&rsquo;ont effectivement longuement \u00e9tudi\u00e9e pour formaliser sa pratique.<\/p>\n<h3>La nouvelle hypnose<\/h3>\n<p>En 1979, Daniel Araoz fonde <a href=\"http:\/\/coldefy.com\/index.php\/hypnose\/les-formes-dhypnose\/\">la nouvelle hypnose<\/a>, beaucoup moins directive que l&rsquo;hypnose pratiqu\u00e9e par Erickson, instaurant une r\u00e9elle collaboration entre le th\u00e9rapeute et le patient.<br \/>\nDans les ann\u00e9es 1990, on peut aussi citer Olivier Lockert qui participe tr\u00e8s activement au d\u00e9veloppement de la nouvelle hypnose europ\u00e9enne.\u00a0 Particuli\u00e8rement en formalisant des techniques hypnotiques avanc\u00e9es de langage et en y int\u00e9grant les structures th\u00e9rapeutiques de la PNL pour une utilisation purement hypnotique.<\/p>\n<h3>L&rsquo;hypnose humaniste<\/h3>\n<p>\u00c9labor\u00e9e depuis les ann\u00e9es 90 , elle est th\u00e9oris\u00e9e \u00e0 partir de 2000 par <a href=\"http:\/\/www.hypnose-humaniste.com\/\">Olvier Lockert et Patricia d&rsquo;Angeli<\/a>. l&rsquo;Hypnose Humaniste offre un moyen in\u00e9dit d&rsquo;acc\u00e9der aux \u00e9tats modifi\u00e9s de conscience. Il n&rsquo;est plus question de restriction du registre cognitivo-sensoriel (comme en hypnose classique, ericksonienne ou en nouvelle hypnose) mais bien, gr\u00e2ce \u00e0 des inductions hypnotiques invers\u00e9es, d&rsquo;un d\u00e9ploiement cognitivo-sensoriel. C&rsquo;est ainsi un \u00ab\u00a0\u00e9tat de conscience augment\u00e9e\u00a0\u00bb. La personne n&rsquo;est plus \u00ab\u00a0endormie\u00a0\u00bb : elle acc\u00e8de \u00e0 davantage de conscience, d&rsquo;elle-m\u00eame et du monde autour.<\/p>\n","protected":false},"excerpt":{"rendered":"<p>L&rsquo;histoire de l&rsquo;hypnose aux temps \u00ab\u00a0anciens\u00a0\u00bb&#8230; On retrouve des traces \u00e9crites de soins par la parole, en \u00e9tat modifi\u00e9 de conscience, en M\u00e9sopotamie! C&rsquo;\u00e9tait bien il y a plus de 6000 ans&#8230; Origine de l&rsquo;histoire de l&rsquo;hypnose ? Des papyrus et des hi\u00e9roglyphes d\u00e9crivent ce qui ressemble beaucoup \u00e0 des s\u00e9ances d&rsquo;hypnose pour gu\u00e9rir en [&hellip;]<\/p>\n","protected":false},"author":1,"featured_media":0,"parent":123,"menu_order":3,"comment_status":"closed","ping_status":"closed","template":"","meta":{"_exactmetrics_skip_tracking":false,"_exactmetrics_sitenote_active":false,"_exactmetrics_sitenote_note":"","_exactmetrics_sitenote_category":0,"jetpack_post_was_ever_published":false,"footnotes":""},"yst_prominent_words":[],"class_list":["post-164","page","type-page","status-publish","hentry"],"jetpack_sharing_enabled":true,"jetpack_shortlink":"https:\/\/wp.me\/P9zM9H-2E","jetpack_likes_enabled":true,"jetpack-related-posts":[],"_links":{"self":[{"href":"https:\/\/coldefy.com\/index.php\/wp-json\/wp\/v2\/pages\/164","targetHints":{"allow":["GET"]}}],"collection":[{"href":"https:\/\/coldefy.com\/index.php\/wp-json\/wp\/v2\/pages"}],"about":[{"href":"https:\/\/coldefy.com\/index.php\/wp-json\/wp\/v2\/types\/page"}],"author":[{"embeddable":true,"href":"https:\/\/coldefy.com\/index.php\/wp-json\/wp\/v2\/users\/1"}],"replies":[{"embeddable":true,"href":"https:\/\/coldefy.com\/index.php\/wp-json\/wp\/v2\/comments?post=164"}],"version-history":[{"count":15,"href":"https:\/\/coldefy.com\/index.php\/wp-json\/wp\/v2\/pages\/164\/revisions"}],"predecessor-version":[{"id":600,"href":"https:\/\/coldefy.com\/index.php\/wp-json\/wp\/v2\/pages\/164\/revisions\/600"}],"up":[{"embeddable":true,"href":"https:\/\/coldefy.com\/index.php\/wp-json\/wp\/v2\/pages\/123"}],"wp:attachment":[{"href":"https:\/\/coldefy.com\/index.php\/wp-json\/wp\/v2\/media?parent=164"}],"wp:term":[{"taxonomy":"yst_prominent_words","embeddable":true,"href":"https:\/\/coldefy.com\/index.php\/wp-json\/wp\/v2\/yst_prominent_words?post=164"}],"curies":[{"name":"wp","href":"https:\/\/api.w.org\/{rel}","templated":true}]}}