{"id":175,"date":"2018-01-20T17:07:23","date_gmt":"2018-01-20T16:07:23","guid":{"rendered":"http:\/\/coldefy.com\/?page_id=175"},"modified":"2020-03-19T17:13:15","modified_gmt":"2020-03-19T16:13:15","slug":"les-formes-dhypnose","status":"publish","type":"page","link":"https:\/\/coldefy.com\/index.php\/hypnose\/les-formes-dhypnose\/","title":{"rendered":"Les formes d&rsquo;hypnose"},"content":{"rendered":"<h2>Les diff\u00e9rentes formes d&rsquo;hypnose th\u00e9rapeutique<\/h2>\n<p>Au fil de <a href=\"http:\/\/coldefy.com\/index.php\/hypnose\/un-peu-dhistoire\/\">l&rsquo;histoire<\/a>, diff\u00e9rentes mani\u00e8res d&rsquo;induire l&rsquo;\u00e9tat modifi\u00e9 de conscience et diff\u00e9rentes mani\u00e8res de l&rsquo;utiliser se sont d\u00e9velopp\u00e9es. On peut aujourd&rsquo;hui mettre en \u00e9vidence quatre grandes formes d&rsquo;hypnose.<\/p>\n<h3>L&rsquo;hypnose Classique<\/h3>\n<p>L&rsquo;hypnose classique\u00a0 est bien la premi\u00e8re mani\u00e8re de pratiquer, la plus simple aussi. Elle utilise quasi exclusivement les suggestions. Aujourd&rsquo;hui, on utilise surtout l&rsquo;hypnose classique dans le cadre d&rsquo;anesth\u00e9sies. On peut aussi citer l&rsquo;hypnose de spectacle\u00a0qui se limite uniquement \u00e0 cette pratique. Le patient est presque l&rsquo;objet, il n&rsquo;intervient pas. L&rsquo;hypnose classique est de fait tr\u00e8s directrice, c&rsquo;est probablement ce qui explique qu&rsquo;on l&rsquo;utilise peu dans le cadre th\u00e9rapeutique actuel.<\/p>\n<h3>L&rsquo;hypnose Ericksonienne<\/h3>\n<p>Le savoir-faire de Milton H. Erickson en mati\u00e8re d&rsquo;hypnose classique et son utilisation tr\u00e8s strat\u00e9gique font de lui un th\u00e9rapeute hors pair, de fait extra ordinaire. Peut-\u00eatre est-il m\u00eame le seul et unique praticien de l&rsquo;hypnose Ericksonienne, bien que de nombreux praticiens s&rsquo;en r\u00e9clament ou s&rsquo;en inspirent. De tr\u00e8s nombreux comptes rendus de ses s\u00e9ances sont disponibles (de nombreuses vid\u00e9os sont m\u00eame disponibles sur <a href=\"https:\/\/www.youtube.com\/results?search_query=milton+erickson\">YouTube<\/a>)\u00a0 ou publi\u00e9s (voir par exemple <a href=\"https:\/\/www.satas.com\/fr\/hypnotherapie\/2729-tome-i-de-l-integrale-des-articles-de-milton-h-erickson-sur-l-hypnose-9782872930470.html?search_query=erickson&amp;results=106\">la traduction<\/a> de \u00ab\u00a0The\u00a0<span class=\"l10\">Collected Papers\u00a0of\u00a0<span class=\"l\">Milton\u00a0\u00bb aux \u00e9ditions SATAS).<\/span><\/span><\/p>\n<h3>La nouvelle hypnose<\/h3>\n<p>M. Erickson rejetait la psychologie et les autres formes de psychoth\u00e9rapies. C&rsquo;est probablement en r\u00e9action au caract\u00e8re tr\u00e8s directeur, voir provocateur de la pratique de M. Erickson qu\u2019appara\u00eet la nouvelle hypnose. Elle est le r\u00e9sultat de la mod\u00e9lisation de certains outils d&rsquo;Erickson alli\u00e9s aux techniques modernes de th\u00e9rapies comme la PNL. C&rsquo;est par cons\u00e9quent une \u00e9volution majeure : l&rsquo;esprit est moins m\u00e9dical, plus ouvert, attentif aux besoins, au bien-\u00eatre et aux aspirations de la personne. C&rsquo;est ainsi que s&rsquo;installe une collaboration entre patient et th\u00e9rapeute.<\/p>\n<h3>L&rsquo;hypnose Humaniste<\/h3>\n<p>Elle d\u00e9veloppe de nouvelles techniques, bas\u00e9es sur une cartographie originale de l&rsquo;Esprit (corps-inconscient-conscient-Conscience). Amenant un v\u00e9ritable renversement structurel, cette forme d&rsquo;hypnose non-dissociante permet de travailler sur l\u2019inconscient de la personne par le biais de sa Conscience. Elle est tout particuli\u00e8rement d\u00e9velopp\u00e9e en France par <a href=\"http:\/\/www.hypnose-humaniste.com\/\">Olvier Lockert et Patricia d&rsquo;Angeli<\/a>.<\/p>\n","protected":false},"excerpt":{"rendered":"<p>Les diff\u00e9rentes formes d&rsquo;hypnose th\u00e9rapeutique Au fil de l&rsquo;histoire, diff\u00e9rentes mani\u00e8res d&rsquo;induire l&rsquo;\u00e9tat modifi\u00e9 de conscience et diff\u00e9rentes mani\u00e8res de l&rsquo;utiliser se sont d\u00e9velopp\u00e9es. On peut aujourd&rsquo;hui mettre en \u00e9vidence quatre grandes formes d&rsquo;hypnose. L&rsquo;hypnose Classique L&rsquo;hypnose classique\u00a0 est bien la premi\u00e8re mani\u00e8re de pratiquer, la plus simple aussi. Elle utilise quasi exclusivement les suggestions. [&hellip;]<\/p>\n","protected":false},"author":1,"featured_media":0,"parent":123,"menu_order":2,"comment_status":"closed","ping_status":"closed","template":"","meta":{"_exactmetrics_skip_tracking":false,"_exactmetrics_sitenote_active":false,"_exactmetrics_sitenote_note":"","_exactmetrics_sitenote_category":0,"jetpack_post_was_ever_published":false,"footnotes":""},"yst_prominent_words":[65,68,101,90,78,103,107,102,98,16,97,99,108,110,100,106,105,109,28,104],"class_list":["post-175","page","type-page","status-publish","hentry"],"jetpack_sharing_enabled":true,"jetpack_shortlink":"https:\/\/wp.me\/P9zM9H-2P","jetpack_likes_enabled":true,"jetpack-related-posts":[],"_links":{"self":[{"href":"https:\/\/coldefy.com\/index.php\/wp-json\/wp\/v2\/pages\/175","targetHints":{"allow":["GET"]}}],"collection":[{"href":"https:\/\/coldefy.com\/index.php\/wp-json\/wp\/v2\/pages"}],"about":[{"href":"https:\/\/coldefy.com\/index.php\/wp-json\/wp\/v2\/types\/page"}],"author":[{"embeddable":true,"href":"https:\/\/coldefy.com\/index.php\/wp-json\/wp\/v2\/users\/1"}],"replies":[{"embeddable":true,"href":"https:\/\/coldefy.com\/index.php\/wp-json\/wp\/v2\/comments?post=175"}],"version-history":[{"count":14,"href":"https:\/\/coldefy.com\/index.php\/wp-json\/wp\/v2\/pages\/175\/revisions"}],"predecessor-version":[{"id":854,"href":"https:\/\/coldefy.com\/index.php\/wp-json\/wp\/v2\/pages\/175\/revisions\/854"}],"up":[{"embeddable":true,"href":"https:\/\/coldefy.com\/index.php\/wp-json\/wp\/v2\/pages\/123"}],"wp:attachment":[{"href":"https:\/\/coldefy.com\/index.php\/wp-json\/wp\/v2\/media?parent=175"}],"wp:term":[{"taxonomy":"yst_prominent_words","embeddable":true,"href":"https:\/\/coldefy.com\/index.php\/wp-json\/wp\/v2\/yst_prominent_words?post=175"}],"curies":[{"name":"wp","href":"https:\/\/api.w.org\/{rel}","templated":true}]}}