{"id":274,"date":"2018-01-22T09:24:56","date_gmt":"2018-01-22T08:24:56","guid":{"rendered":"http:\/\/coldefy.com\/?page_id=274"},"modified":"2018-03-08T09:31:17","modified_gmt":"2018-03-08T08:31:17","slug":"premiere-seance-hypnose","status":"publish","type":"page","link":"https:\/\/coldefy.com\/index.php\/hypnose\/premiere-seance-hypnose\/","title":{"rendered":"Premi\u00e8re s\u00e9ance d&rsquo;hypnose"},"content":{"rendered":"<h2>Une premi\u00e8re s\u00e9ance d&rsquo;hypnose \u00ab\u00a0type\u00a0\u00bb<\/h2>\n<p>Avant la premi\u00e8re s\u00e9ance d&rsquo;hypnose, nous nous rencontrons, \u00a0car nous ne nous connaissons pas encore ! Commen\u00e7ons par nous d\u00e9couvrir !<\/p>\n<p>Pr\u00e9cisons que chaque premi\u00e8re s\u00e9ance d&rsquo;hypnose sera particuli\u00e8re, adapt\u00e9e et personnalis\u00e9e.<br \/>\nLa premi\u00e8re s\u00e9ance d&rsquo;hypnose rev\u00eat une importance toute particuli\u00e8re, c&rsquo;est une rencontre, la mise en place d&rsquo;une relation th\u00e9rapeutique originale.<\/p>\n<h3>Anamn\u00e8se &#8211; votre \u00ab\u00a0biographie\u00a0\u00bb<\/h3>\n<p>Nous prendrons le temps n\u00e9cessaire pour d\u00e9finir pr\u00e9cis\u00e9ment l&rsquo;objectif de notre travail. C&rsquo;est aussi pour vous l&rsquo;occasion de v\u00e9rifier que le \u00ab\u00a0courant passe\u00a0\u00bb, que je peux vous accompagner vers le mieux \u00eatre. C&rsquo;est le fondement d&rsquo;une alliance th\u00e9rapeutique qui vous permettra d&rsquo;avancer rapidement, en toute s\u00e9curit\u00e9. Du fait de son importance, la dur\u00e9e de cette phase est tr\u00e8s variable. Pour donner un exemple :<br \/>\nelle peut \u00eatre rapide si \u00ab\u00a0tout va bien\u00a0\u00bb et que vous voulez simplement arr\u00eater de fumer,<br \/>\nelle sera plus longue si vous ne dormez plus sans savoir pourquoi.<\/p>\n<h3>Induction &#8211; aller vers l&rsquo;\u00e9tat modifi\u00e9 de conscience<\/h3>\n<p>Quel que soit l&rsquo;issue de l&rsquo;anamn\u00e8se, je pense que toute s\u00e9ance d&rsquo;hypnoth\u00e9rapie a droit \u00e0 sa phase d&rsquo;hypnose&#8230;<br \/>\nSauf cas particulier et en accord avec vous, nous prendrons le temps d&rsquo;aller d\u00e9couvrir cet <a href=\"http:\/\/coldefy.com\/index.php\/hypnotherapie\/\">\u00e9tat modifi\u00e9 de conscience<\/a> qui donne toute son originalit\u00e9 au travail que nous accomplirons ensemble. Il ne me semble pas pertinent de vous d\u00e9crire ici toutes les techniques pour y arriver, je pr\u00e9f\u00e8re vous laisser les d\u00e9couvrir par vous m\u00eame.<\/p>\n<h3>Phase de travail<\/h3>\n<p>Il est probable que nous ayons pris beaucoup de temps \u00e0 cerner votre probl\u00e9matique propre et que cette premi\u00e8re\u00a0 phase de travail soit d\u00e9di\u00e9e \u00e0 vous faire d\u00e9couvrir, \u00e0 toucher du doigt, tout le bien que peut profond\u00e9ment vous faire ressentir l&rsquo;\u00e9tat de transe hypnotique \u00ab\u00a0bien accompagn\u00e9\u00a0\u00bb.<br \/>\nMais il est aussi possible (par exemple, si vous venez\u00a0<em>simplement<\/em>\u00a0pour arr\u00eater de fumer) que nous en profitions pour\u00a0 \u00ab\u00a0travailler\u00a0\u00bb directement sur votre objectif\u00a0\u00a0et que votre 1\u00e8re\u00a0 s\u00e9ance soit aussi votre derni\u00e8re&#8230;<\/p>\n<p>&nbsp;<\/p>\n","protected":false},"excerpt":{"rendered":"<p>Une premi\u00e8re s\u00e9ance d&rsquo;hypnose \u00ab\u00a0type\u00a0\u00bb Avant la premi\u00e8re s\u00e9ance d&rsquo;hypnose, nous nous rencontrons, \u00a0car nous ne nous connaissons pas encore ! Commen\u00e7ons par nous d\u00e9couvrir ! Pr\u00e9cisons que chaque premi\u00e8re s\u00e9ance d&rsquo;hypnose sera particuli\u00e8re, adapt\u00e9e et personnalis\u00e9e. La premi\u00e8re s\u00e9ance d&rsquo;hypnose rev\u00eat une importance toute particuli\u00e8re, c&rsquo;est une rencontre, la mise en place d&rsquo;une relation [&hellip;]<\/p>\n","protected":false},"author":1,"featured_media":0,"parent":123,"menu_order":4,"comment_status":"closed","ping_status":"closed","template":"","meta":{"_exactmetrics_skip_tracking":false,"_exactmetrics_sitenote_active":false,"_exactmetrics_sitenote_note":"","_exactmetrics_sitenote_category":0,"jetpack_post_was_ever_published":false,"footnotes":""},"yst_prominent_words":[],"class_list":["post-274","page","type-page","status-publish","hentry"],"jetpack_sharing_enabled":true,"jetpack_shortlink":"https:\/\/wp.me\/P9zM9H-4q","jetpack_likes_enabled":true,"jetpack-related-posts":[],"_links":{"self":[{"href":"https:\/\/coldefy.com\/index.php\/wp-json\/wp\/v2\/pages\/274","targetHints":{"allow":["GET"]}}],"collection":[{"href":"https:\/\/coldefy.com\/index.php\/wp-json\/wp\/v2\/pages"}],"about":[{"href":"https:\/\/coldefy.com\/index.php\/wp-json\/wp\/v2\/types\/page"}],"author":[{"embeddable":true,"href":"https:\/\/coldefy.com\/index.php\/wp-json\/wp\/v2\/users\/1"}],"replies":[{"embeddable":true,"href":"https:\/\/coldefy.com\/index.php\/wp-json\/wp\/v2\/comments?post=274"}],"version-history":[{"count":14,"href":"https:\/\/coldefy.com\/index.php\/wp-json\/wp\/v2\/pages\/274\/revisions"}],"predecessor-version":[{"id":570,"href":"https:\/\/coldefy.com\/index.php\/wp-json\/wp\/v2\/pages\/274\/revisions\/570"}],"up":[{"embeddable":true,"href":"https:\/\/coldefy.com\/index.php\/wp-json\/wp\/v2\/pages\/123"}],"wp:attachment":[{"href":"https:\/\/coldefy.com\/index.php\/wp-json\/wp\/v2\/media?parent=274"}],"wp:term":[{"taxonomy":"yst_prominent_words","embeddable":true,"href":"https:\/\/coldefy.com\/index.php\/wp-json\/wp\/v2\/yst_prominent_words?post=274"}],"curies":[{"name":"wp","href":"https:\/\/api.w.org\/{rel}","templated":true}]}}