{"id":516,"date":"2018-03-02T09:32:47","date_gmt":"2018-03-02T08:32:47","guid":{"rendered":"http:\/\/coldefy.com\/?page_id=516"},"modified":"2018-03-19T10:06:34","modified_gmt":"2018-03-19T09:06:34","slug":"ethique-pratique","status":"publish","type":"page","link":"https:\/\/coldefy.com\/index.php\/hypnotherapeute-a-conflans-sainte-honorine-2\/ethique-pratique\/","title":{"rendered":"Ethique Pratique"},"content":{"rendered":"<h2>Ethique et Pratique :<\/h2>\n<p>Je suis adh\u00e9rent au Syndicat National des Hypnoth\u00e9rapeutes.<br \/>\nPour vous garantir une pratique qui respecte une \u00e9thique et une d\u00e9ontologie clairement d\u00e9finies. Pour vous garantir un cadre confidentiel dans lequel vous pouvez vous exprimer librement.<br \/>\nIl est en effet tr\u00e8s important de garantir \u00e0 toutes personnes qui viendra vers moi qu&rsquo;elle peut le faire en toute confiance :<\/p>\n<p><a href=\"http:\/\/www.snhypnose.org\/index.php\/fr\/adherents\/code-de-deontologie\">code d\u00e9ontologique<\/a>\u00a0\u00a0<a href=\"http:\/\/www.snhypnose.org\/index.php\/fr\" target=\"_blank\" rel=\"noopener\"><img data-recalc-dims=\"1\" loading=\"lazy\" decoding=\"async\" data-attachment-id=\"519\" data-permalink=\"https:\/\/coldefy.com\/index.php\/hypnotherapeute-a-conflans-sainte-honorine-2\/ethique-pratique\/snh-logo\/\" data-orig-file=\"https:\/\/i0.wp.com\/coldefy.com\/wp-content\/uploads\/2018\/03\/SNH-logo.png?fit=700%2C140&amp;ssl=1\" data-orig-size=\"700,140\" data-comments-opened=\"1\" data-image-meta=\"{&quot;aperture&quot;:&quot;0&quot;,&quot;credit&quot;:&quot;&quot;,&quot;camera&quot;:&quot;&quot;,&quot;caption&quot;:&quot;&quot;,&quot;created_timestamp&quot;:&quot;0&quot;,&quot;copyright&quot;:&quot;&quot;,&quot;focal_length&quot;:&quot;0&quot;,&quot;iso&quot;:&quot;0&quot;,&quot;shutter_speed&quot;:&quot;0&quot;,&quot;title&quot;:&quot;&quot;,&quot;orientation&quot;:&quot;0&quot;}\" data-image-title=\"SNH-logo\" data-image-description=\"\" data-image-caption=\"\" data-medium-file=\"https:\/\/i0.wp.com\/coldefy.com\/wp-content\/uploads\/2018\/03\/SNH-logo.png?fit=300%2C60&amp;ssl=1\" data-large-file=\"https:\/\/i0.wp.com\/coldefy.com\/wp-content\/uploads\/2018\/03\/SNH-logo.png?fit=700%2C140&amp;ssl=1\" class=\"alignright wp-image-519 size-medium\" src=\"https:\/\/i0.wp.com\/coldefy.com\/wp-content\/uploads\/2018\/03\/SNH-logo-300x60.png?resize=300%2C60\" alt=\"syndicat national des hypnoth\u00e9rapeutes \u00e9thique\" width=\"300\" height=\"60\" srcset=\"https:\/\/i0.wp.com\/coldefy.com\/wp-content\/uploads\/2018\/03\/SNH-logo.png?resize=300%2C60&amp;ssl=1 300w, https:\/\/i0.wp.com\/coldefy.com\/wp-content\/uploads\/2018\/03\/SNH-logo.png?w=700&amp;ssl=1 700w\" sizes=\"auto, (max-width: 300px) 100vw, 300px\" \/><\/a><br \/>\n<a href=\"http:\/\/www.snhypnose.org\/index.php\/fr\/adherents\/charte-ethique\">charte \u00e9thique<\/a><\/p>\n<p><a title=\"Annuaire des Hypnoth\u00e9rapeutes\" href=\"http:\/\/www.snhypnose.org\/index.php\/fr\/public\/annuaire-des-hypnotherapeutes\" rel=\"dofollow\"><img data-recalc-dims=\"1\" decoding=\"async\" title=\"Annuaire des hypnoth\u00e9rapeutes adh\u00e9rents au Syndicat National des Hypnoth\u00e9rapeutes\" src=\"https:\/\/i0.wp.com\/www.snhypnose.org\/images\/annuaire-des-hypnotherapeutes-64px.jpg?w=1170\" alt=\"Annuaire des hypnoth\u00e9rapeutes adh\u00e9rents au Syndicat National des Hypnoth\u00e9rapeutes\" border=\"0\" \/><\/a><a title=\"Annuaire des Hypnoth\u00e9rapeutes\" href=\"http:\/\/www.snhypnose.org\/index.php\/fr\/public\/annuaire-des-hypnotherapeutes\" rel=\"dofollow\">Annuaire des adh\u00e9rents au Syndicat National des Hypnoth\u00e9rapeutes<\/a><\/p>\n<p><a href=\"http:\/\/coldefy.com\/index.php\/hypnose-et-hypnotherapie\/\">L&rsquo;hypnoth\u00e9rapie<\/a> est avant tout une rencontre.<br \/>\nLa bienveillance de votre praticien est n\u00e9cessaire, pour votre bien \u00eatre et pour la r\u00e9ussite du travail que vous venez entreprendre.\u00a0 Cela n&rsquo;implique pas que vos s\u00e9ances seront toutes paisibles et relaxantes mais que tout ce qui sera entrepris le sera dans le respect de votre personne et de vos objectifs.<\/p>\n","protected":false},"excerpt":{"rendered":"<p>Ethique et Pratique : Je suis adh\u00e9rent au Syndicat National des Hypnoth\u00e9rapeutes. Pour vous garantir une pratique qui respecte une \u00e9thique et une d\u00e9ontologie clairement d\u00e9finies. Pour vous garantir un cadre confidentiel dans lequel vous pouvez vous exprimer librement. Il est en effet tr\u00e8s important de garantir \u00e0 toutes personnes qui viendra vers moi qu&rsquo;elle [&hellip;]<\/p>\n","protected":false},"author":1,"featured_media":0,"parent":55,"menu_order":0,"comment_status":"closed","ping_status":"closed","template":"","meta":{"_exactmetrics_skip_tracking":false,"_exactmetrics_sitenote_active":false,"_exactmetrics_sitenote_note":"","_exactmetrics_sitenote_category":0,"jetpack_post_was_ever_published":false,"footnotes":""},"yst_prominent_words":[],"class_list":["post-516","page","type-page","status-publish","hentry"],"jetpack_sharing_enabled":true,"jetpack_shortlink":"https:\/\/wp.me\/P9zM9H-8k","jetpack_likes_enabled":true,"jetpack-related-posts":[],"_links":{"self":[{"href":"https:\/\/coldefy.com\/index.php\/wp-json\/wp\/v2\/pages\/516","targetHints":{"allow":["GET"]}}],"collection":[{"href":"https:\/\/coldefy.com\/index.php\/wp-json\/wp\/v2\/pages"}],"about":[{"href":"https:\/\/coldefy.com\/index.php\/wp-json\/wp\/v2\/types\/page"}],"author":[{"embeddable":true,"href":"https:\/\/coldefy.com\/index.php\/wp-json\/wp\/v2\/users\/1"}],"replies":[{"embeddable":true,"href":"https:\/\/coldefy.com\/index.php\/wp-json\/wp\/v2\/comments?post=516"}],"version-history":[{"count":14,"href":"https:\/\/coldefy.com\/index.php\/wp-json\/wp\/v2\/pages\/516\/revisions"}],"predecessor-version":[{"id":523,"href":"https:\/\/coldefy.com\/index.php\/wp-json\/wp\/v2\/pages\/516\/revisions\/523"}],"up":[{"embeddable":true,"href":"https:\/\/coldefy.com\/index.php\/wp-json\/wp\/v2\/pages\/55"}],"wp:attachment":[{"href":"https:\/\/coldefy.com\/index.php\/wp-json\/wp\/v2\/media?parent=516"}],"wp:term":[{"taxonomy":"yst_prominent_words","embeddable":true,"href":"https:\/\/coldefy.com\/index.php\/wp-json\/wp\/v2\/yst_prominent_words?post=516"}],"curies":[{"name":"wp","href":"https:\/\/api.w.org\/{rel}","templated":true}]}}