{"id":844,"date":"2020-03-19T17:42:41","date_gmt":"2020-03-19T16:42:41","guid":{"rendered":"http:\/\/coldefy.com\/?page_id=844"},"modified":"2020-03-20T17:59:13","modified_gmt":"2020-03-20T16:59:13","slug":"teleconsultations","status":"publish","type":"page","link":"https:\/\/coldefy.com\/index.php\/teleconsultations\/","title":{"rendered":"T\u00e9l\u00e9consultations"},"content":{"rendered":"\n<div class=\"wp-block-group\"><div class=\"wp-block-group__inner-container is-layout-flow wp-block-group-is-layout-flow\">\n<p>On pourrait se dire qu&rsquo;il est compliqu\u00e9 de profiter de l&rsquo;hypnose sans \u00eatre en pr\u00e9sence physique de l&rsquo;hypnoth\u00e9rapeute.<br>Et pourtant, si nous posons ensemble le bon cadre et que nous pr\u00e9parons bien ce rendez vous virtuel, les r\u00e9sultats attendus sont bien pr\u00e9sents !<br>Il est alors temps de prendre en compte les avantages de ce type de consultation: aucun d\u00e9placement, un environnement connu et rassurant, beaucoup plus facile \u00e0 caser dans son emploi du temps&#8230;<\/p>\n<\/div><\/div>\n\n\n\n<div class=\"wp-block-group\"><div class=\"wp-block-group__inner-container is-layout-flow wp-block-group-is-layout-flow\">\n<h2 class=\"wp-block-heading\"><strong>LE BON CADRE<\/strong><\/h2>\n\n\n\n<p>Avant tout, bien <strong>penser et pr\u00e9parer l&rsquo;endroit<\/strong> o\u00f9 vous installerez pour profiter pleinement <strong>de votre exp\u00e9rience en hypnose<\/strong>. <br>Du <strong>calme <\/strong>autour de vous. Vos proches (et \u00e9ventuels animaux) pr\u00e9venus de votre indisponibilit\u00e9 pour une heure (en cas de besoin vous pourrez facilement interrompre la s\u00e9ance pour la reprendre automatiquement ensuite).<strong> Bien install\u00e9(e) <\/strong>sur une chaise confortable&#8230; <strong>Tout peut commencer !<\/strong><\/p>\n<\/div><\/div>\n\n\n\n<div class=\"wp-block-group\"><div class=\"wp-block-group__inner-container is-layout-flow wp-block-group-is-layout-flow\">\n<h2 class=\"wp-block-heading\"><strong>COMMENT ?<\/strong><\/h2>\n\n\n\n<p>Il vous faut disposer d&rsquo;une \u00ab\u00a0bonne\u00a0\u00bb connexion \u00e0 internet, d&rsquo;un ordinateur \u00e9quip\u00e9 d&rsquo;une <strong>cam\u00e9ra <\/strong>(pr\u00e9sente sur la plupart des ordinateurs portables) et d&rsquo;un <strong>casque audio<\/strong> (\u00e9quip\u00e9 si possible d&rsquo;un micro). Un t\u00e9l\u00e9phone avec des oreillettes peut suffire si on prend bien soin de bien l&rsquo;installer.<\/p>\n<\/div><\/div>\n\n\n\n<div class=\"wp-block-group\"><div class=\"wp-block-group__inner-container is-layout-flow wp-block-group-is-layout-flow\">\n<h2 class=\"wp-block-heading\"><strong>PRENDRE RENDEZ-VOUS<\/strong><\/h2>\n\n\n\n<p>Comme pour les rendez-vous au cabinet, vous pouvez r\u00e9server votre s\u00e9ance directement sur <a href=\"https:\/\/www.doctolib.fr\/hypnotherapeute\/boulogne-billancourt\/david-coldefy?pid=practice-35372\">Doctolib <\/a>ou en me <a href=\"http:\/\/coldefy.com\/index.php\/contact\/\">contactant<\/a> (mail, t\u00e9l\u00e9phone, sms).<br>Dans tous les cas, il me faudra un mail de contact pour vous envoyer les derni\u00e8res consignes qui nous permettrons de pr\u00e9parer au mieux votre s\u00e9ance d&rsquo;hypnose.<\/p>\n<\/div><\/div>\n","protected":false},"excerpt":{"rendered":"<p>On pourrait se dire qu&rsquo;il est compliqu\u00e9 de profiter de l&rsquo;hypnose sans \u00eatre en pr\u00e9sence physique de l&rsquo;hypnoth\u00e9rapeute.Et pourtant, si nous posons ensemble le bon cadre et que nous pr\u00e9parons bien ce rendez vous virtuel, les r\u00e9sultats attendus sont bien pr\u00e9sents !Il est alors temps de prendre en compte les avantages de ce type de [&hellip;]<\/p>\n","protected":false},"author":1,"featured_media":0,"parent":0,"menu_order":0,"comment_status":"closed","ping_status":"closed","template":"","meta":{"_exactmetrics_skip_tracking":false,"_exactmetrics_sitenote_active":false,"_exactmetrics_sitenote_note":"","_exactmetrics_sitenote_category":0,"jetpack_post_was_ever_published":false,"footnotes":""},"yst_prominent_words":[71,68,70,80,76,115,72,116,46,73,69],"class_list":["post-844","page","type-page","status-publish","hentry"],"jetpack_sharing_enabled":true,"jetpack_shortlink":"https:\/\/wp.me\/P9zM9H-dC","jetpack_likes_enabled":true,"jetpack-related-posts":[],"_links":{"self":[{"href":"https:\/\/coldefy.com\/index.php\/wp-json\/wp\/v2\/pages\/844","targetHints":{"allow":["GET"]}}],"collection":[{"href":"https:\/\/coldefy.com\/index.php\/wp-json\/wp\/v2\/pages"}],"about":[{"href":"https:\/\/coldefy.com\/index.php\/wp-json\/wp\/v2\/types\/page"}],"author":[{"embeddable":true,"href":"https:\/\/coldefy.com\/index.php\/wp-json\/wp\/v2\/users\/1"}],"replies":[{"embeddable":true,"href":"https:\/\/coldefy.com\/index.php\/wp-json\/wp\/v2\/comments?post=844"}],"version-history":[{"count":10,"href":"https:\/\/coldefy.com\/index.php\/wp-json\/wp\/v2\/pages\/844\/revisions"}],"predecessor-version":[{"id":876,"href":"https:\/\/coldefy.com\/index.php\/wp-json\/wp\/v2\/pages\/844\/revisions\/876"}],"wp:attachment":[{"href":"https:\/\/coldefy.com\/index.php\/wp-json\/wp\/v2\/media?parent=844"}],"wp:term":[{"taxonomy":"yst_prominent_words","embeddable":true,"href":"https:\/\/coldefy.com\/index.php\/wp-json\/wp\/v2\/yst_prominent_words?post=844"}],"curies":[{"name":"wp","href":"https:\/\/api.w.org\/{rel}","templated":true}]}}