{"id":972,"date":"2025-01-01T16:53:41","date_gmt":"2025-01-01T15:53:41","guid":{"rendered":"https:\/\/coldefy.com\/?page_id=972"},"modified":"2025-01-01T16:55:52","modified_gmt":"2025-01-01T15:55:52","slug":"emdr","status":"publish","type":"page","link":"https:\/\/coldefy.com\/index.php\/emdr\/","title":{"rendered":"EMDR"},"content":{"rendered":"\n<p>L\u2019EMDR repose sur le mod\u00e8le du<em>&nbsp;\u00ab&nbsp;processus de traitement adaptatif de l\u2019information&nbsp;\u00bb.<\/em><\/p>\n\n\n\n<p>Cette th\u00e9rapie part du principe que chaque pathologie, sympt\u00f4me ou probl\u00e9matique, sont g\u00e9n\u00e9r\u00e9s par des \u00e9v\u00e9nements perturbants, ou v\u00e9cus comme traumatique par le pass\u00e9 : des \u00e9v\u00e9nements qui n\u2019auraient pas \u00e9t\u00e9&nbsp;<em>\u00ab&nbsp;dig\u00e9r\u00e9s&nbsp;\u00bb ou qui n\u2019auraient pas \u00e9t\u00e9 trait\u00e9s correctement,&nbsp;<\/em>et qui ont encore un impact sur le comportement dans le pr\u00e9sent.<\/p>\n\n\n\n<p>L\u2019EMDR repose sur le mod\u00e8le du<em>&nbsp;\u00ab&nbsp;processus de traitement adaptatif de l\u2019information&nbsp;\u00bb.<\/em><\/p>\n\n\n\n<p>Les premi\u00e8res s\u00e9ances permettent de poser le cadre&nbsp;; la personne raconte son histoire, parle de sa probl\u00e9matique pour d\u00e9finir la demande et \u00e9tablir le plan de traitement.<\/p>\n\n\n\n<p>Ensuite, on retraite une situation probl\u00e9matique en suivant une proc\u00e9dure pr\u00e9cise, qui inclut les mouvements oculaires ou des stimulations bilat\u00e9rales, auditives et tactiles.<\/p>\n\n\n\n<p class=\"has-text-align-center\"><strong><a href=\"https:\/\/www.resalib.fr\/praticien\/8660-david-coldefy-hypnotherapeute-conflans-sainte-honorine#newrdvmodal\">prendre rendez-vous EMDR \u00e0 Conflans Sainte Honorine<\/a><\/strong><\/p>\n\n\n\n<p><\/p>\n","protected":false},"excerpt":{"rendered":"<p>L\u2019EMDR repose sur le mod\u00e8le du&nbsp;\u00ab&nbsp;processus de traitement adaptatif de l\u2019information&nbsp;\u00bb. Cette th\u00e9rapie part du principe que chaque pathologie, sympt\u00f4me ou probl\u00e9matique, sont g\u00e9n\u00e9r\u00e9s par des \u00e9v\u00e9nements perturbants, ou v\u00e9cus comme traumatique par le pass\u00e9 : des \u00e9v\u00e9nements qui n\u2019auraient pas \u00e9t\u00e9&nbsp;\u00ab&nbsp;dig\u00e9r\u00e9s&nbsp;\u00bb ou qui n\u2019auraient pas \u00e9t\u00e9 trait\u00e9s correctement,&nbsp;et qui ont encore un impact sur [&hellip;]<\/p>\n","protected":false},"author":1,"featured_media":0,"parent":0,"menu_order":0,"comment_status":"closed","ping_status":"closed","template":"","meta":{"_exactmetrics_skip_tracking":false,"_exactmetrics_sitenote_active":false,"_exactmetrics_sitenote_note":"","_exactmetrics_sitenote_category":0,"jetpack_post_was_ever_published":false,"footnotes":""},"yst_prominent_words":[],"class_list":["post-972","page","type-page","status-publish","hentry"],"jetpack_sharing_enabled":true,"jetpack_shortlink":"https:\/\/wp.me\/P9zM9H-fG","jetpack_likes_enabled":true,"jetpack-related-posts":[],"_links":{"self":[{"href":"https:\/\/coldefy.com\/index.php\/wp-json\/wp\/v2\/pages\/972","targetHints":{"allow":["GET"]}}],"collection":[{"href":"https:\/\/coldefy.com\/index.php\/wp-json\/wp\/v2\/pages"}],"about":[{"href":"https:\/\/coldefy.com\/index.php\/wp-json\/wp\/v2\/types\/page"}],"author":[{"embeddable":true,"href":"https:\/\/coldefy.com\/index.php\/wp-json\/wp\/v2\/users\/1"}],"replies":[{"embeddable":true,"href":"https:\/\/coldefy.com\/index.php\/wp-json\/wp\/v2\/comments?post=972"}],"version-history":[{"count":3,"href":"https:\/\/coldefy.com\/index.php\/wp-json\/wp\/v2\/pages\/972\/revisions"}],"predecessor-version":[{"id":979,"href":"https:\/\/coldefy.com\/index.php\/wp-json\/wp\/v2\/pages\/972\/revisions\/979"}],"wp:attachment":[{"href":"https:\/\/coldefy.com\/index.php\/wp-json\/wp\/v2\/media?parent=972"}],"wp:term":[{"taxonomy":"yst_prominent_words","embeddable":true,"href":"https:\/\/coldefy.com\/index.php\/wp-json\/wp\/v2\/yst_prominent_words?post=972"}],"curies":[{"name":"wp","href":"https:\/\/api.w.org\/{rel}","templated":true}]}}